{"id":1685,"date":"2024-09-10T18:33:40","date_gmt":"2024-09-10T18:33:40","guid":{"rendered":"https:\/\/jaimeillanes.cl\/?page_id=1685"},"modified":"2025-07-03T20:02:08","modified_gmt":"2025-07-03T20:02:08","slug":"mpd","status":"publish","type":"page","link":"https:\/\/jaimeillanes.cl\/index.php\/mpd\/","title":{"rendered":"MODELO DE PREVENCI\u00d3N DE DELITOS"},"content":{"rendered":"<div id='layer_slider_1'  class='avia-layerslider main_color avia-shadow  avia-builder-el-0  el_before_av_one_third  avia-builder-el-first  container_wrap fullsize'  style='height: 501px; max-width: 1500px; margin: 0 auto;'  ><\/div><div id='after_layer_slider_1'  class='main_color av_default_container_wrap container_wrap fullsize'  ><div class='container av-section-cont-open' ><div class='template-page content  av-content-full alpha units'><div class='post-entry post-entry-type-page post-entry-1685'><div class='entry-content-wrapper clearfix'>\n<div  class='flex_column av-1xt3z9-7ea804a3c18bd9d4f9ac994daff048a7 av_one_third  avia-builder-el-1  el_after_av_layerslider  el_before_av_one_third  avia-builder-el-first  first flex_column_div  '     ><section  class='av_textblock_section av-m0wrvpp8-5bbb1f7bf6ca6c50c4a22ca3f93f1924 '   itemscope=\"itemscope\" itemtype=\"https:\/\/schema.org\/CreativeWork\" ><div class='avia_textblock'  itemprop=\"text\" ><p><a href=\"https:\/\/jaimeillanes.cl\/wp-content\/uploads\/2024\/09\/Glosario-Modelo-de-Prevencion-de-Delitos.pdf\">Glosario Modelo de Prevenci\u00f3n de Delitos<\/a><\/p>\n<\/div><\/section><\/div>\n<div  class='flex_column av-m0wrg2q1-dccbd29cef87af6e1e44a285a7740634 av_one_third  avia-builder-el-3  el_after_av_one_third  el_before_av_one_third  flex_column_div  '     ><section  class='av_textblock_section av-klwhxh-c1e85e766ab1c3182204d798f05aed1e '   itemscope=\"itemscope\" itemtype=\"https:\/\/schema.org\/CreativeWork\" ><div class='avia_textblock'  itemprop=\"text\" ><p><a href=\"https:\/\/jaimeillanes.cl\/wp-content\/uploads\/2024\/09\/Manual-de-Prevencion-de-Delitos-2024.pdf\">Manual de Prevenci\u00f3n de Delitos<\/a><\/p>\n<\/div><\/section><\/div>\n<div  class='flex_column av-1q21ol-770bf3e22bf6a9a7e1af0fd9adbff9aa av_one_third  avia-builder-el-5  el_after_av_one_third  el_before_av_one_third  flex_column_div  '     ><section  class='av_textblock_section av-1rck2d-7eb78d705815d2ae85004442b2e60343 '   itemscope=\"itemscope\" itemtype=\"https:\/\/schema.org\/CreativeWork\" ><div class='avia_textblock'  itemprop=\"text\" ><p><a href=\"https:\/\/jaimeillanes.cl\/wp-content\/uploads\/2024\/09\/Politica-de-Conflicto-de-Interes-1.pdf\">Pol\u00edtica Conflicto de Inter\u00e9s<\/a><\/p>\n<\/div><\/section><\/div>\n<div  class='flex_column av-55dzn9-7fad2c37f0421612df170f638d8704cf av_one_third  avia-builder-el-7  el_after_av_one_third  el_before_av_one_third  first flex_column_div  column-top-margin'     ><section  class='av_textblock_section av-5r1qmt-c92c5f5920f66be60760d8132910b4e3 '   itemscope=\"itemscope\" itemtype=\"https:\/\/schema.org\/CreativeWork\" ><div class='avia_textblock'  itemprop=\"text\" ><p><a href=\"https:\/\/jaimeillanes.cl\/wp-content\/uploads\/2024\/09\/Politica-de-Regalos-e-Invitaciones.pdf\">Pol\u00edtica de Regalos e Invitaciones<\/a><\/p>\n<\/div><\/section><\/div>\n<div  class='flex_column av-g8irvp-94827821ecc887608e8d4645106ac55e av_one_third  avia-builder-el-9  el_after_av_one_third  el_before_av_one_third  flex_column_div  column-top-margin'     ><section  class='av_textblock_section av-fjv7px-239b72312ca193024d512e1dcf1d08b5 '   itemscope=\"itemscope\" itemtype=\"https:\/\/schema.org\/CreativeWork\" ><div class='avia_textblock'  itemprop=\"text\" ><p><a href=\"https:\/\/jaimeillanes.cl\/wp-content\/uploads\/2024\/09\/Procedimiento-de-Manejo-de-Animales.pdf\">Procedimiento de Manejo de Animales<\/a><\/p>\n<\/div><\/section><\/div>\n<div  class='flex_column av-co4fk5-fb11478259f0d5326ba5a3b06afdbe3a av_one_third  avia-builder-el-11  el_after_av_one_third  el_before_av_one_third  flex_column_div  column-top-margin'     ><section  class='av_textblock_section av-csvwed-a22b4b4359c37dc70e54a6b134522db1 '   itemscope=\"itemscope\" itemtype=\"https:\/\/schema.org\/CreativeWork\" ><div class='avia_textblock'  itemprop=\"text\" ><p><a href=\"https:\/\/jaimeillanes.cl\/wp-content\/uploads\/2024\/09\/Procedimiento-de-Contabilidad-y-Finanzas.pdf\">Procedimiento de Contabilidad y Finanzas<\/a><\/p>\n<\/div><\/section><\/div>\n<div  class='flex_column av-bcnyxh-f3dac4ff8150aaa9af6c819aa6be2047 av_one_third  avia-builder-el-13  el_after_av_one_third  el_before_av_one_third  first flex_column_div  column-top-margin'     ><section  class='av_textblock_section av-alkj6t-88f1488af37403d3d694e1e0d1003fdf '   itemscope=\"itemscope\" itemtype=\"https:\/\/schema.org\/CreativeWork\" ><div class='avia_textblock'  itemprop=\"text\" ><p><a href=\"https:\/\/jaimeillanes.cl\/wp-content\/uploads\/2024\/09\/Procedimiento-de-Abastecimiento.pdf\">Procedimiento de Abastecimiento<\/a><\/p>\n<\/div><\/section><\/div>\n<div  class='flex_column av-4kfj5h-3e92db7feb32a08ad882b20c43df6143 av_one_third  avia-builder-el-15  el_after_av_one_third  el_before_av_one_third  flex_column_div  column-top-margin'     ><section  class='av_textblock_section av-3jl88l-27d94b6f77dace291f774adf69e68b6a '   itemscope=\"itemscope\" itemtype=\"https:\/\/schema.org\/CreativeWork\" ><div class='avia_textblock'  itemprop=\"text\" ><p><a href=\"https:\/\/jaimeillanes.cl\/wp-content\/uploads\/2024\/09\/Politica-de-Donaciones.pdf\">Pol\u00edtica de Donaciones<\/a><\/p>\n<\/div><\/section><\/div>\n<div  class='flex_column av-8gbr5x-3520c611b6dca3585c7ee6a315ec2ad3 av_one_third  avia-builder-el-17  el_after_av_one_third  el_before_av_one_third  flex_column_div  column-top-margin'     ><section  class='av_textblock_section av-980mid-d7b373c091bba8366ad506f0712efe0a '   itemscope=\"itemscope\" itemtype=\"https:\/\/schema.org\/CreativeWork\" ><div class='avia_textblock'  itemprop=\"text\" ><p><a href=\"https:\/\/jaimeillanes.cl\/wp-content\/uploads\/2024\/09\/Politica-Medioambiental.pdf\">Pol\u00edtica Medioambiental<\/a><\/p>\n<\/div><\/section><\/div>\n<div  class='flex_column av-7141ph-da295ceb8d0251010674ec50c811451f av_one_third  avia-builder-el-19  el_after_av_one_third  el_before_av_one_third  first flex_column_div  column-top-margin'     ><section  class='av_textblock_section av-6yfdrp-c255db3d3c43554f08e0d868d33dd751 '   itemscope=\"itemscope\" itemtype=\"https:\/\/schema.org\/CreativeWork\" ><div class='avia_textblock'  itemprop=\"text\" ><p><a href=\"https:\/\/jaimeillanes.cl\/wp-content\/uploads\/2024\/09\/Politica-de-Relacionamiento-con-Funcionarios-Publicos-1.pdf\">Politica de Relacionamiento con Funcionarios P\u00fablicos<\/a><\/p>\n<\/div><\/section><\/div>\n<div  class='flex_column av-e1izc5-215fa4a470095b8999529fc42cd80d33 av_one_third  avia-builder-el-21  el_after_av_one_third  el_before_av_one_third  flex_column_div  column-top-margin'     ><section  class='av_textblock_section av-ek0ho5-55d7ec1ed8f559d21fb50d35048894c3 '   itemscope=\"itemscope\" itemtype=\"https:\/\/schema.org\/CreativeWork\" ><div class='avia_textblock'  itemprop=\"text\" ><p><a href=\"https:\/\/jaimeillanes.cl\/wp-content\/uploads\/2024\/09\/Procedimiento-de-Denuncias-Modelo-de-Prevencion-de-Delitos.pdf\">Procedimiento de Denuncias Modelo de Prevenci\u00f3n de Delitos<\/a><\/p>\n<\/div><\/section><\/div>\n<div  class='flex_column av-3162s5-cab86f0d03f91903961114d153dc3d95 av_one_third  avia-builder-el-23  el_after_av_one_third  el_before_av_one_third  flex_column_div  column-top-margin'     ><section  class='av_textblock_section av-2dqget-7ff348f874d979d8c87f1bbf7ee13b41 '   itemscope=\"itemscope\" itemtype=\"https:\/\/schema.org\/CreativeWork\" ><div class='avia_textblock'  itemprop=\"text\" ><p><a href=\"https:\/\/jaimeillanes.cl\/wp-content\/uploads\/2024\/09\/Politica-de-Conocimiento-del-Cliente-y-Proveedor.pdf\">Pol\u00edtica de Conocimiento del Cliente y Proveedor<\/a><\/p>\n<\/div><\/section><\/div>\n<div  class='flex_column av-2bfiat-2aaeaedf121a486dbd88e674a6f4ef66 av_one_third  avia-builder-el-25  el_after_av_one_third  avia-builder-el-last  first flex_column_div  column-top-margin'     ><section  class='av_textblock_section av-mcnt0eby-ac77ba9a7a8ab5690589a96c44c1f0f9 '   itemscope=\"itemscope\" itemtype=\"https:\/\/schema.org\/CreativeWork\" ><div class='avia_textblock'  itemprop=\"text\" ><p><a href=\"https:\/\/jaimeillanes.cl\/wp-content\/uploads\/2025\/07\/ESG-03.1-Codigo-de-Etica-JIA.pdf\">C\u00f3digo de \u00c9tica<\/a><\/p>\n<\/div><\/section><\/div>\n","protected":false},"excerpt":{"rendered":"","protected":false},"author":5,"featured_media":0,"parent":0,"menu_order":0,"comment_status":"closed","ping_status":"closed","template":"","meta":{"footnotes":""},"class_list":["post-1685","page","type-page","status-publish","hentry"],"yoast_head":"<!-- This site is optimized with the Yoast SEO plugin v27.5 - https:\/\/yoast.com\/product\/yoast-seo-wordpress\/ -->\n<title>Auditor\u00edas y asesor\u00edas en fiscalizaciones SMA - JIA<\/title>\n<meta name=\"description\" content=\"Noticias relevantes respecto de legislaci\u00f3n ambiental\" \/>\n<meta name=\"robots\" content=\"index, follow, max-snippet:-1, max-image-preview:large, max-video-preview:-1\" \/>\n<link rel=\"canonical\" href=\"https:\/\/jaimeillanes.cl\/index.php\/mpd\/\" \/>\n<meta property=\"og:locale\" content=\"es_ES\" \/>\n<meta property=\"og:type\" content=\"article\" \/>\n<meta property=\"og:title\" content=\"Auditor\u00edas y asesor\u00edas en fiscalizaciones SMA - JIA\" \/>\n<meta property=\"og:description\" content=\"Noticias relevantes respecto de legislaci\u00f3n ambiental\" \/>\n<meta property=\"og:url\" content=\"https:\/\/jaimeillanes.cl\/index.php\/mpd\/\" \/>\n<meta property=\"og:site_name\" content=\"Jaime Illanes y Asociados\" \/>\n<meta property=\"article:modified_time\" content=\"2025-07-03T20:02:08+00:00\" \/>\n<meta name=\"twitter:card\" content=\"summary_large_image\" \/>\n<meta name=\"twitter:label1\" content=\"Tiempo de lectura\" \/>\n\t<meta name=\"twitter:data1\" content=\"1 minuto\" \/>\n<script type=\"application\/ld+json\" class=\"yoast-schema-graph\">{\"@context\":\"https:\\\/\\\/schema.org\",\"@graph\":[{\"@type\":\"WebPage\",\"@id\":\"https:\\\/\\\/jaimeillanes.cl\\\/index.php\\\/mpd\\\/\",\"url\":\"https:\\\/\\\/jaimeillanes.cl\\\/index.php\\\/mpd\\\/\",\"name\":\"Auditor\u00edas y asesor\u00edas en fiscalizaciones SMA - JIA\",\"isPartOf\":{\"@id\":\"https:\\\/\\\/jaimeillanes.cl\\\/#website\"},\"datePublished\":\"2024-09-10T18:33:40+00:00\",\"dateModified\":\"2025-07-03T20:02:08+00:00\",\"description\":\"Noticias relevantes respecto de legislaci\u00f3n ambiental\",\"breadcrumb\":{\"@id\":\"https:\\\/\\\/jaimeillanes.cl\\\/index.php\\\/mpd\\\/#breadcrumb\"},\"inLanguage\":\"es\",\"potentialAction\":[{\"@type\":\"ReadAction\",\"target\":[\"https:\\\/\\\/jaimeillanes.cl\\\/index.php\\\/mpd\\\/\"]}]},{\"@type\":\"BreadcrumbList\",\"@id\":\"https:\\\/\\\/jaimeillanes.cl\\\/index.php\\\/mpd\\\/#breadcrumb\",\"itemListElement\":[{\"@type\":\"ListItem\",\"position\":1,\"name\":\"Home\",\"item\":\"https:\\\/\\\/jaimeillanes.cl\\\/index.php\\\/inicio-jia\\\/\"},{\"@type\":\"ListItem\",\"position\":2,\"name\":\"MODELO DE PREVENCI\u00d3N DE DELITOS\"}]},{\"@type\":\"WebSite\",\"@id\":\"https:\\\/\\\/jaimeillanes.cl\\\/#website\",\"url\":\"https:\\\/\\\/jaimeillanes.cl\\\/\",\"name\":\"Jaime Illanes y Asociados\",\"description\":\"Consultora Ambiental\",\"potentialAction\":[{\"@type\":\"SearchAction\",\"target\":{\"@type\":\"EntryPoint\",\"urlTemplate\":\"https:\\\/\\\/jaimeillanes.cl\\\/?s={search_term_string}\"},\"query-input\":{\"@type\":\"PropertyValueSpecification\",\"valueRequired\":true,\"valueName\":\"search_term_string\"}}],\"inLanguage\":\"es\"}]}<\/script>\n<!-- \/ Yoast SEO plugin. -->","yoast_head_json":{"title":"Auditor\u00edas y asesor\u00edas en fiscalizaciones SMA - JIA","description":"Noticias relevantes respecto de legislaci\u00f3n ambiental","robots":{"index":"index","follow":"follow","max-snippet":"max-snippet:-1","max-image-preview":"max-image-preview:large","max-video-preview":"max-video-preview:-1"},"canonical":"https:\/\/jaimeillanes.cl\/index.php\/mpd\/","og_locale":"es_ES","og_type":"article","og_title":"Auditor\u00edas y asesor\u00edas en fiscalizaciones SMA - JIA","og_description":"Noticias relevantes respecto de legislaci\u00f3n ambiental","og_url":"https:\/\/jaimeillanes.cl\/index.php\/mpd\/","og_site_name":"Jaime Illanes y Asociados","article_modified_time":"2025-07-03T20:02:08+00:00","twitter_card":"summary_large_image","twitter_misc":{"Tiempo de lectura":"1 minuto"},"schema":{"@context":"https:\/\/schema.org","@graph":[{"@type":"WebPage","@id":"https:\/\/jaimeillanes.cl\/index.php\/mpd\/","url":"https:\/\/jaimeillanes.cl\/index.php\/mpd\/","name":"Auditor\u00edas y asesor\u00edas en fiscalizaciones SMA - JIA","isPartOf":{"@id":"https:\/\/jaimeillanes.cl\/#website"},"datePublished":"2024-09-10T18:33:40+00:00","dateModified":"2025-07-03T20:02:08+00:00","description":"Noticias relevantes respecto de legislaci\u00f3n ambiental","breadcrumb":{"@id":"https:\/\/jaimeillanes.cl\/index.php\/mpd\/#breadcrumb"},"inLanguage":"es","potentialAction":[{"@type":"ReadAction","target":["https:\/\/jaimeillanes.cl\/index.php\/mpd\/"]}]},{"@type":"BreadcrumbList","@id":"https:\/\/jaimeillanes.cl\/index.php\/mpd\/#breadcrumb","itemListElement":[{"@type":"ListItem","position":1,"name":"Home","item":"https:\/\/jaimeillanes.cl\/index.php\/inicio-jia\/"},{"@type":"ListItem","position":2,"name":"MODELO DE PREVENCI\u00d3N DE DELITOS"}]},{"@type":"WebSite","@id":"https:\/\/jaimeillanes.cl\/#website","url":"https:\/\/jaimeillanes.cl\/","name":"Jaime Illanes y Asociados","description":"Consultora Ambiental","potentialAction":[{"@type":"SearchAction","target":{"@type":"EntryPoint","urlTemplate":"https:\/\/jaimeillanes.cl\/?s={search_term_string}"},"query-input":{"@type":"PropertyValueSpecification","valueRequired":true,"valueName":"search_term_string"}}],"inLanguage":"es"}]}},"_links":{"self":[{"href":"https:\/\/jaimeillanes.cl\/index.php\/wp-json\/wp\/v2\/pages\/1685","targetHints":{"allow":["GET"]}}],"collection":[{"href":"https:\/\/jaimeillanes.cl\/index.php\/wp-json\/wp\/v2\/pages"}],"about":[{"href":"https:\/\/jaimeillanes.cl\/index.php\/wp-json\/wp\/v2\/types\/page"}],"author":[{"embeddable":true,"href":"https:\/\/jaimeillanes.cl\/index.php\/wp-json\/wp\/v2\/users\/5"}],"replies":[{"embeddable":true,"href":"https:\/\/jaimeillanes.cl\/index.php\/wp-json\/wp\/v2\/comments?post=1685"}],"version-history":[{"count":13,"href":"https:\/\/jaimeillanes.cl\/index.php\/wp-json\/wp\/v2\/pages\/1685\/revisions"}],"predecessor-version":[{"id":2161,"href":"https:\/\/jaimeillanes.cl\/index.php\/wp-json\/wp\/v2\/pages\/1685\/revisions\/2161"}],"wp:attachment":[{"href":"https:\/\/jaimeillanes.cl\/index.php\/wp-json\/wp\/v2\/media?parent=1685"}],"curies":[{"name":"wp","href":"https:\/\/api.w.org\/{rel}","templated":true}]}}